{"id":1223,"date":"2020-11-30T16:53:43","date_gmt":"2020-11-30T15:53:43","guid":{"rendered":"http:\/\/www.grafas.org\/demo05\/?page_id=1223"},"modified":"2025-03-28T11:47:12","modified_gmt":"2025-03-28T10:47:12","slug":"contact","status":"publish","type":"page","link":"https:\/\/rfidmorocco.com\/index.php\/contact\/","title":{"rendered":"Mentions l\u00e9gales"},"content":{"rendered":"\t\t<div data-elementor-type=\"wp-page\" data-elementor-id=\"1223\" class=\"elementor elementor-1223\">\n\t\t\t\t\t\t\t\t\t<section class=\"elementor-section elementor-top-section elementor-element elementor-element-673110c elementor-section-boxed elementor-section-height-default elementor-section-height-default\" data-id=\"673110c\" data-element_type=\"section\" data-settings=\"{&quot;background_background&quot;:&quot;classic&quot;}\">\n\t\t\t\t\t\t\t<div class=\"elementor-background-overlay\"><\/div>\n\t\t\t\t\t\t\t<div class=\"elementor-container elementor-column-gap-default\">\n\t\t\t\t\t<div class=\"elementor-column elementor-col-50 elementor-top-column elementor-element elementor-element-3afb89c\" data-id=\"3afb89c\" data-element_type=\"column\">\n\t\t\t<div class=\"elementor-widget-wrap elementor-element-populated\">\n\t\t\t\t\t\t\t\t<div class=\"elementor-element elementor-element-b845d81 elementor-widget elementor-widget-heading\" data-id=\"b845d81\" data-element_type=\"widget\" data-widget_type=\"heading.default\">\n\t\t\t\t<div class=\"elementor-widget-container\">\n\t\t\t<style>\/*! elementor - v3.7.1 - 14-08-2022 *\/\n.elementor-heading-title{padding:0;margin:0;line-height:1}.elementor-widget-heading .elementor-heading-title[class*=elementor-size-]>a{color:inherit;font-size:inherit;line-height:inherit}.elementor-widget-heading .elementor-heading-title.elementor-size-small{font-size:15px}.elementor-widget-heading .elementor-heading-title.elementor-size-medium{font-size:19px}.elementor-widget-heading .elementor-heading-title.elementor-size-large{font-size:29px}.elementor-widget-heading .elementor-heading-title.elementor-size-xl{font-size:39px}.elementor-widget-heading .elementor-heading-title.elementor-size-xxl{font-size:59px}<\/style><h4 class=\"elementor-heading-title elementor-size-default\">Mentions l\u00e9gales<\/h4>\t\t<\/div>\n\t\t\t\t<\/div>\n\t\t\t\t\t<\/div>\n\t\t<\/div>\n\t\t\t\t<div class=\"elementor-column elementor-col-50 elementor-top-column elementor-element elementor-element-19ff1b7\" data-id=\"19ff1b7\" data-element_type=\"column\">\n\t\t\t<div class=\"elementor-widget-wrap\">\n\t\t\t\t\t\t\t\t\t<\/div>\n\t\t<\/div>\n\t\t\t\t\t\t\t<\/div>\n\t\t<\/section>\n\t\t\t\t<section class=\"elementor-section elementor-top-section elementor-element elementor-element-78ecbb48 elementor-section-boxed elementor-section-height-default elementor-section-height-default\" data-id=\"78ecbb48\" data-element_type=\"section\">\n\t\t\t\t\t\t<div class=\"elementor-container elementor-column-gap-default\">\n\t\t\t\t\t<div class=\"elementor-column elementor-col-50 elementor-top-column elementor-element elementor-element-71a2307c\" data-id=\"71a2307c\" data-element_type=\"column\">\n\t\t\t<div class=\"elementor-widget-wrap elementor-element-populated\">\n\t\t\t\t\t\t\t\t<div class=\"elementor-element elementor-element-306a8846 elementor-widget elementor-widget-heading\" data-id=\"306a8846\" data-element_type=\"widget\" data-widget_type=\"heading.default\">\n\t\t\t\t<div class=\"elementor-widget-container\">\n\t\t\t<h2 class=\"elementor-heading-title elementor-size-default\">Conditions g\u00e9n\u00e9rales d\u2019utilisation du site et des services propos\u00e9s<\/h2>\t\t<\/div>\n\t\t\t\t<\/div>\n\t\t\t\t<div class=\"elementor-element elementor-element-82f4248 elementor-widget elementor-widget-text-editor\" data-id=\"82f4248\" data-element_type=\"widget\" data-widget_type=\"text-editor.default\">\n\t\t\t\t<div class=\"elementor-widget-container\">\n\t\t\t<style>\/*! elementor - v3.7.1 - 14-08-2022 *\/\n.elementor-widget-text-editor.elementor-drop-cap-view-stacked .elementor-drop-cap{background-color:#818a91;color:#fff}.elementor-widget-text-editor.elementor-drop-cap-view-framed .elementor-drop-cap{color:#818a91;border:3px solid;background-color:transparent}.elementor-widget-text-editor:not(.elementor-drop-cap-view-default) .elementor-drop-cap{margin-top:8px}.elementor-widget-text-editor:not(.elementor-drop-cap-view-default) .elementor-drop-cap-letter{width:1em;height:1em}.elementor-widget-text-editor .elementor-drop-cap{float:left;text-align:center;line-height:1;font-size:50px}.elementor-widget-text-editor .elementor-drop-cap-letter{display:inline-block}<\/style>\t\t\t\t<p>L\u2019utilisation du site RFID Morocco implique l\u2019approbation compl\u00e8te et absolue des conditions g\u00e9n\u00e9rales d\u2019utilisation ci-apr\u00e8s expos\u00e9es. Ces conditions d\u2019utilisation sont aptes \u00e0 \u00eatre reform\u00e9es ou accessoiris\u00e9es \u00e0 tout moment, les clients du site sont donc convi\u00e9s \u00e0 s\u2019y r\u00e9f\u00e9rer de mani\u00e8re fr\u00e9quente.<\/p><p>Ce site est r\u00e9guli\u00e8rement approchable \u00e0 tout moment par les utilisateurs. Une coupure pour raison de maintenance technique peut \u00eatre toutefois jug\u00e9e n\u00e9cessaire par l\u2019administrateur, qui veillera \u00e0 en informer au pr\u00e9alablement les diff\u00e9rents utilisateurs.<\/p><p>Le site est mis \u00e0 jour constamment par RFID Morocco. Pareillement, les mentions l\u00e9gales peuvent \u00eatre am\u00e9lior\u00e9es sans cesse et les utilisateurs du site ont pour obligation de s\u2019y assigner et de s\u2019y r\u00e9f\u00e9rer dans la plupart des cas pour s\u2019en informer.<\/p>\t\t\t\t\t\t<\/div>\n\t\t\t\t<\/div>\n\t\t\t\t<div class=\"elementor-element elementor-element-70fb8d7b elementor-widget-divider--view-line elementor-widget elementor-widget-divider\" data-id=\"70fb8d7b\" data-element_type=\"widget\" data-widget_type=\"divider.default\">\n\t\t\t\t<div class=\"elementor-widget-container\">\n\t\t\t<style>\/*! elementor - v3.7.1 - 14-08-2022 *\/\n.elementor-widget-divider{--divider-border-style:none;--divider-border-width:1px;--divider-color:#2c2c2c;--divider-icon-size:20px;--divider-element-spacing:10px;--divider-pattern-height:24px;--divider-pattern-size:20px;--divider-pattern-url:none;--divider-pattern-repeat:repeat-x}.elementor-widget-divider .elementor-divider{display:-webkit-box;display:-ms-flexbox;display:flex}.elementor-widget-divider .elementor-divider__text{font-size:15px;line-height:1;max-width:95%}.elementor-widget-divider .elementor-divider__element{margin:0 var(--divider-element-spacing);-ms-flex-negative:0;flex-shrink:0}.elementor-widget-divider .elementor-icon{font-size:var(--divider-icon-size)}.elementor-widget-divider .elementor-divider-separator{display:-webkit-box;display:-ms-flexbox;display:flex;margin:0;direction:ltr}.elementor-widget-divider--view-line_icon .elementor-divider-separator,.elementor-widget-divider--view-line_text .elementor-divider-separator{-webkit-box-align:center;-ms-flex-align:center;align-items:center}.elementor-widget-divider--view-line_icon .elementor-divider-separator:after,.elementor-widget-divider--view-line_icon .elementor-divider-separator:before,.elementor-widget-divider--view-line_text .elementor-divider-separator:after,.elementor-widget-divider--view-line_text .elementor-divider-separator:before{display:block;content:\"\";border-bottom:0;-webkit-box-flex:1;-ms-flex-positive:1;flex-grow:1;border-top:var(--divider-border-width) var(--divider-border-style) var(--divider-color)}.elementor-widget-divider--element-align-left .elementor-divider .elementor-divider-separator>.elementor-divider__svg:first-of-type{-webkit-box-flex:0;-ms-flex-positive:0;flex-grow:0;-ms-flex-negative:100;flex-shrink:100}.elementor-widget-divider--element-align-left .elementor-divider-separator:before{content:none}.elementor-widget-divider--element-align-left .elementor-divider__element{margin-left:0}.elementor-widget-divider--element-align-right .elementor-divider .elementor-divider-separator>.elementor-divider__svg:last-of-type{-webkit-box-flex:0;-ms-flex-positive:0;flex-grow:0;-ms-flex-negative:100;flex-shrink:100}.elementor-widget-divider--element-align-right .elementor-divider-separator:after{content:none}.elementor-widget-divider--element-align-right .elementor-divider__element{margin-right:0}.elementor-widget-divider:not(.elementor-widget-divider--view-line_text):not(.elementor-widget-divider--view-line_icon) .elementor-divider-separator{border-top:var(--divider-border-width) var(--divider-border-style) var(--divider-color)}.elementor-widget-divider--separator-type-pattern{--divider-border-style:none}.elementor-widget-divider--separator-type-pattern.elementor-widget-divider--view-line .elementor-divider-separator,.elementor-widget-divider--separator-type-pattern:not(.elementor-widget-divider--view-line) .elementor-divider-separator:after,.elementor-widget-divider--separator-type-pattern:not(.elementor-widget-divider--view-line) .elementor-divider-separator:before,.elementor-widget-divider--separator-type-pattern:not([class*=elementor-widget-divider--view]) .elementor-divider-separator{width:100%;min-height:var(--divider-pattern-height);-webkit-mask-size:var(--divider-pattern-size) 100%;mask-size:var(--divider-pattern-size) 100%;-webkit-mask-repeat:var(--divider-pattern-repeat);mask-repeat:var(--divider-pattern-repeat);background-color:var(--divider-color);-webkit-mask-image:var(--divider-pattern-url);mask-image:var(--divider-pattern-url)}.elementor-widget-divider--no-spacing{--divider-pattern-size:auto}.elementor-widget-divider--bg-round{--divider-pattern-repeat:round}.rtl .elementor-widget-divider .elementor-divider__text{direction:rtl}.e-container>.elementor-widget-divider{width:var(--container-widget-width,100%);-webkit-box-flex:1;-ms-flex-positive:1;flex-grow:1}<\/style>\t\t<div class=\"elementor-divider\">\n\t\t\t<span class=\"elementor-divider-separator\">\n\t\t\t\t\t\t<\/span>\n\t\t<\/div>\n\t\t\t\t<\/div>\n\t\t\t\t<\/div>\n\t\t\t\t<div class=\"elementor-element elementor-element-178687d elementor-widget elementor-widget-spacer\" data-id=\"178687d\" data-element_type=\"widget\" data-widget_type=\"spacer.default\">\n\t\t\t\t<div class=\"elementor-widget-container\">\n\t\t\t<style>\/*! elementor - v3.7.1 - 14-08-2022 *\/\n.elementor-column .elementor-spacer-inner{height:var(--spacer-size)}.e-container{--container-widget-width:100%}.e-container>.elementor-widget-spacer{width:var(--container-widget-width,var(--spacer-size));-ms-flex-item-align:stretch;align-self:stretch;-ms-flex-negative:0;flex-shrink:0}.e-container>.elementor-widget-spacer>.elementor-widget-container,.e-container>.elementor-widget-spacer>.elementor-widget-container>.elementor-spacer{height:100%}.e-container>.elementor-widget-spacer>.elementor-widget-container>.elementor-spacer>.elementor-spacer-inner{height:var(--container-widget-height,var(--spacer-size))}<\/style>\t\t<div class=\"elementor-spacer\">\n\t\t\t<div class=\"elementor-spacer-inner\"><\/div>\n\t\t<\/div>\n\t\t\t\t<\/div>\n\t\t\t\t<\/div>\n\t\t\t\t<div class=\"elementor-element elementor-element-4f451ca2 elementor-widget elementor-widget-heading\" data-id=\"4f451ca2\" data-element_type=\"widget\" data-widget_type=\"heading.default\">\n\t\t\t\t<div class=\"elementor-widget-container\">\n\t\t\t<h3 class=\"elementor-heading-title elementor-size-default\">Description des services offerts<\/h3>\t\t<\/div>\n\t\t\t\t<\/div>\n\t\t\t\t<div class=\"elementor-element elementor-element-2fc9ccf6 elementor-widget elementor-widget-text-editor\" data-id=\"2fc9ccf6\" data-element_type=\"widget\" data-widget_type=\"text-editor.default\">\n\t\t\t\t<div class=\"elementor-widget-container\">\n\t\t\t\t\t\t\t<p>Le site a pour objectif de renseigner les utilisateurs sur l\u2019ensemble des activit\u00e9s de la soci\u00e9t\u00e9 RFID Morocco.<\/p><p>RFID Morocco veillera \u00e0 alimenter le site de toutes les informations susceptibles de r\u00e9pondre \u00e0 toutes les questions que peuvent se poser les personnes, physiques et morales, concernant la technologie RFID en g\u00e9n\u00e9ral et la soci\u00e9t\u00e9 RFID Morocco en particulier. Cependant, il ne pourra \u00eatre tenu responsable des oublis, des impr\u00e9cisions et des lacunes dans l\u2019actualisation, qu\u2019elles soient \u00e0 son initiative et \u00e0 l\u2019initiative des interm\u00e9diaires qui lui transmettent des diff\u00e9rentes actualit\u00e9s concernant cette technologie.<\/p><p>Par ailleurs, les donn\u00e9es et informations figurant sur le site ne sont pas compl\u00e8tes ni exhaustives. Elles sont communiqu\u00e9es \u00e0 titre indicatif et sous r\u00e9serve d\u2019adaptations et d\u2019am\u00e9liorations ayant \u00e9t\u00e9 occasionn\u00e9es depuis leur mise en ligne.<\/p>\t\t\t\t\t\t<\/div>\n\t\t\t\t<\/div>\n\t\t\t\t<div class=\"elementor-element elementor-element-bbec50f elementor-widget-divider--view-line elementor-widget elementor-widget-divider\" data-id=\"bbec50f\" data-element_type=\"widget\" data-widget_type=\"divider.default\">\n\t\t\t\t<div class=\"elementor-widget-container\">\n\t\t\t\t\t<div class=\"elementor-divider\">\n\t\t\t<span class=\"elementor-divider-separator\">\n\t\t\t\t\t\t<\/span>\n\t\t<\/div>\n\t\t\t\t<\/div>\n\t\t\t\t<\/div>\n\t\t\t\t<div class=\"elementor-element elementor-element-07722b6 elementor-widget elementor-widget-heading\" data-id=\"07722b6\" data-element_type=\"widget\" data-widget_type=\"heading.default\">\n\t\t\t\t<div class=\"elementor-widget-container\">\n\t\t\t<h2 class=\"elementor-heading-title elementor-size-default\">Droit d\u2019auteur<\/h2>\t\t<\/div>\n\t\t\t\t<\/div>\n\t\t\t\t<div class=\"elementor-element elementor-element-8598083 elementor-widget elementor-widget-text-editor\" data-id=\"8598083\" data-element_type=\"widget\" data-widget_type=\"text-editor.default\">\n\t\t\t\t<div class=\"elementor-widget-container\">\n\t\t\t\t\t\t\t<p>RFID Morocco est d\u00e9tenteur des droits d\u2019auteur sur l\u2019ensemble des composants du pr\u00e9sent site, principalement les textes, les images, les vid\u00e9os, le logo, les ic\u00f4nes, les sons, etc. Toute imitation, duplication, transformation, publication, ajustement d\u2019une quelconque partie du site, ind\u00e9pendamment de la technique utilis\u00e9e, est bannie, sauf consentement pr\u00e9alable \u00e9crit de la part de RFID Morocco.<\/p><p>Toute utilisation du pr\u00e9sent site ou de l\u2019une de ces composantes sera consid\u00e9r\u00e9e comme fraude et sera suivie d\u2019une action en justice conform\u00e9ment aux dispositions de la loi\u00a0n\u00b0 2-00 relative aux droits d&rsquo;auteur et droits voisins qui organise le droit de\u00a0propri\u00e9t\u00e9\u00a0intellectuelle au Maroc.<\/p>\t\t\t\t\t\t<\/div>\n\t\t\t\t<\/div>\n\t\t\t\t<div class=\"elementor-element elementor-element-7545854 elementor-widget-divider--view-line elementor-widget elementor-widget-divider\" data-id=\"7545854\" data-element_type=\"widget\" data-widget_type=\"divider.default\">\n\t\t\t\t<div class=\"elementor-widget-container\">\n\t\t\t\t\t<div class=\"elementor-divider\">\n\t\t\t<span class=\"elementor-divider-separator\">\n\t\t\t\t\t\t<\/span>\n\t\t<\/div>\n\t\t\t\t<\/div>\n\t\t\t\t<\/div>\n\t\t\t\t\t<\/div>\n\t\t<\/div>\n\t\t\t\t<div class=\"elementor-column elementor-col-50 elementor-top-column elementor-element elementor-element-11be0c8c\" data-id=\"11be0c8c\" data-element_type=\"column\">\n\t\t\t<div class=\"elementor-widget-wrap elementor-element-populated\">\n\t\t\t\t\t\t\t\t<section class=\"elementor-section elementor-inner-section elementor-element elementor-element-668b8c62 elementor-section-boxed elementor-section-height-default elementor-section-height-default\" data-id=\"668b8c62\" data-element_type=\"section\">\n\t\t\t\t\t\t<div class=\"elementor-container elementor-column-gap-default\">\n\t\t\t\t\t<div class=\"elementor-column elementor-col-100 elementor-inner-column elementor-element elementor-element-7ad77337\" data-id=\"7ad77337\" data-element_type=\"column\" data-settings=\"{&quot;background_background&quot;:&quot;classic&quot;}\">\n\t\t\t<div class=\"elementor-widget-wrap elementor-element-populated\">\n\t\t\t\t\t\t\t\t<div class=\"elementor-element elementor-element-17a720f elementor-widget elementor-widget-image\" data-id=\"17a720f\" data-element_type=\"widget\" data-widget_type=\"image.default\">\n\t\t\t\t<div class=\"elementor-widget-container\">\n\t\t\t<style>\/*! elementor - v3.7.1 - 14-08-2022 *\/\n.elementor-widget-image{text-align:center}.elementor-widget-image a{display:inline-block}.elementor-widget-image a img[src$=\".svg\"]{width:48px}.elementor-widget-image img{vertical-align:middle;display:inline-block}<\/style>\t\t\t\t\t\t\t\t\t\t\t\t<img decoding=\"async\" width=\"765\" height=\"1024\" src=\"https:\/\/rfidmorocco.com\/wp-content\/uploads\/2020\/11\/pexels-fauxels-3184359-765x1024.jpg\" class=\"attachment-large size-large\" alt=\"\" loading=\"lazy\" srcset=\"https:\/\/rfidmorocco.com\/wp-content\/uploads\/2020\/11\/pexels-fauxels-3184359-765x1024.jpg 765w, https:\/\/rfidmorocco.com\/wp-content\/uploads\/2020\/11\/pexels-fauxels-3184359-224x300.jpg 224w, https:\/\/rfidmorocco.com\/wp-content\/uploads\/2020\/11\/pexels-fauxels-3184359-768x1028.jpg 768w, https:\/\/rfidmorocco.com\/wp-content\/uploads\/2020\/11\/pexels-fauxels-3184359.jpg 900w\" sizes=\"(max-width: 765px) 100vw, 765px\" \/>\t\t\t\t\t\t\t\t\t\t\t\t\t\t\t<\/div>\n\t\t\t\t<\/div>\n\t\t\t\t<div class=\"elementor-element elementor-element-b9be322 elementor-widget elementor-widget-spacer\" data-id=\"b9be322\" data-element_type=\"widget\" data-widget_type=\"spacer.default\">\n\t\t\t\t<div class=\"elementor-widget-container\">\n\t\t\t\t\t<div class=\"elementor-spacer\">\n\t\t\t<div class=\"elementor-spacer-inner\"><\/div>\n\t\t<\/div>\n\t\t\t\t<\/div>\n\t\t\t\t<\/div>\n\t\t\t\t\t<\/div>\n\t\t<\/div>\n\t\t\t\t\t\t\t<\/div>\n\t\t<\/section>\n\t\t\t\t<div class=\"elementor-element elementor-element-8f7ec25 elementor-widget-divider--view-line elementor-widget elementor-widget-divider\" data-id=\"8f7ec25\" data-element_type=\"widget\" data-widget_type=\"divider.default\">\n\t\t\t\t<div class=\"elementor-widget-container\">\n\t\t\t\t\t<div class=\"elementor-divider\">\n\t\t\t<span class=\"elementor-divider-separator\">\n\t\t\t\t\t\t<\/span>\n\t\t<\/div>\n\t\t\t\t<\/div>\n\t\t\t\t<\/div>\n\t\t\t\t<div class=\"elementor-element elementor-element-efd9c52 elementor-widget elementor-widget-image\" data-id=\"efd9c52\" data-element_type=\"widget\" data-widget_type=\"image.default\">\n\t\t\t\t<div class=\"elementor-widget-container\">\n\t\t\t\t\t\t\t\t\t\t\t\t\t\t\t<img decoding=\"async\" width=\"1000\" height=\"667\" src=\"https:\/\/rfidmorocco.com\/wp-content\/uploads\/2020\/12\/pexels-fauxels-3184436.jpg\" class=\"attachment-large size-large\" alt=\"\" loading=\"lazy\" srcset=\"https:\/\/rfidmorocco.com\/wp-content\/uploads\/2020\/12\/pexels-fauxels-3184436.jpg 1000w, https:\/\/rfidmorocco.com\/wp-content\/uploads\/2020\/12\/pexels-fauxels-3184436-300x200.jpg 300w, https:\/\/rfidmorocco.com\/wp-content\/uploads\/2020\/12\/pexels-fauxels-3184436-768x512.jpg 768w\" sizes=\"(max-width: 1000px) 100vw, 1000px\" \/>\t\t\t\t\t\t\t\t\t\t\t\t\t\t\t<\/div>\n\t\t\t\t<\/div>\n\t\t\t\t\t<\/div>\n\t\t<\/div>\n\t\t\t\t\t\t\t<\/div>\n\t\t<\/section>\n\t\t\t\t\t\t\t<\/div>\n\t\t","protected":false},"excerpt":{"rendered":"<p>WINDOWS10 freelancershuvo.xyz bbtoy.fun giftcardrd.com jp28.com repairxservice.com Mentions l\u00e9gales Conditions g\u00e9n\u00e9rales d\u2019utilisation du site et des services propos\u00e9s L\u2019utilisation du site RFID Morocco implique l\u2019approbation compl\u00e8te et absolue des conditions g\u00e9n\u00e9rales d\u2019utilisation ci-apr\u00e8s expos\u00e9es. Ces conditions d\u2019utilisation sont aptes \u00e0 \u00eatre reform\u00e9es ou accessoiris\u00e9es \u00e0 tout moment, les clients du site sont donc convi\u00e9s \u00e0 s\u2019y&#8230;<\/p>\n","protected":false},"author":1,"featured_media":0,"parent":0,"menu_order":0,"comment_status":"closed","ping_status":"closed","template":"","meta":{"_kad_post_transparent":"","_kad_post_title":"hide","_kad_post_layout":"fullwidth","_kad_post_sidebar_id":"","_kad_post_content_style":"unboxed","_kad_post_vertical_padding":"hide","_kad_post_feature":"hide","_kad_post_feature_position":"","_kad_post_header":false,"_kad_post_footer":false},"_links":{"self":[{"href":"https:\/\/rfidmorocco.com\/index.php\/wp-json\/wp\/v2\/pages\/1223"}],"collection":[{"href":"https:\/\/rfidmorocco.com\/index.php\/wp-json\/wp\/v2\/pages"}],"about":[{"href":"https:\/\/rfidmorocco.com\/index.php\/wp-json\/wp\/v2\/types\/page"}],"author":[{"embeddable":true,"href":"https:\/\/rfidmorocco.com\/index.php\/wp-json\/wp\/v2\/users\/1"}],"replies":[{"embeddable":true,"href":"https:\/\/rfidmorocco.com\/index.php\/wp-json\/wp\/v2\/comments?post=1223"}],"version-history":[{"count":19,"href":"https:\/\/rfidmorocco.com\/index.php\/wp-json\/wp\/v2\/pages\/1223\/revisions"}],"predecessor-version":[{"id":18790,"href":"https:\/\/rfidmorocco.com\/index.php\/wp-json\/wp\/v2\/pages\/1223\/revisions\/18790"}],"wp:attachment":[{"href":"https:\/\/rfidmorocco.com\/index.php\/wp-json\/wp\/v2\/media?parent=1223"}],"curies":[{"name":"wp","href":"https:\/\/api.w.org\/{rel}","templated":true}]}}