{"id":1443,"date":"2020-12-01T12:19:14","date_gmt":"2020-12-01T09:19:14","guid":{"rendered":"http:\/\/www.grafas.org\/demo05\/?page_id=1443"},"modified":"2025-03-28T11:47:09","modified_gmt":"2025-03-28T10:47:09","slug":"a-propos","status":"publish","type":"page","link":"https:\/\/rfidmorocco.com\/index.php\/a-propos\/","title":{"rendered":"A Propos"},"content":{"rendered":"\t\t<div data-elementor-type=\"wp-page\" data-elementor-id=\"1443\" class=\"elementor elementor-1443\">\n\t\t\t\t\t\t\t\t\t<section class=\"elementor-section elementor-top-section elementor-element elementor-element-5cadc1e elementor-section-boxed elementor-section-height-default elementor-section-height-default\" data-id=\"5cadc1e\" data-element_type=\"section\" data-settings=\"{&quot;background_background&quot;:&quot;classic&quot;}\">\n\t\t\t\t\t\t\t<div class=\"elementor-background-overlay\"><\/div>\n\t\t\t\t\t\t\t<div class=\"elementor-container elementor-column-gap-default\">\n\t\t\t\t\t<div class=\"elementor-column elementor-col-100 elementor-top-column elementor-element elementor-element-9e371d3 elementor-hidden-tablet elementor-hidden-phone\" data-id=\"9e371d3\" data-element_type=\"column\">\n\t\t\t<div class=\"elementor-widget-wrap elementor-element-populated\">\n\t\t\t\t\t\t\t\t<div class=\"elementor-element elementor-element-b60f1b6 elementor-widget elementor-widget-heading\" data-id=\"b60f1b6\" data-element_type=\"widget\" data-widget_type=\"heading.default\">\n\t\t\t\t<div class=\"elementor-widget-container\">\n\t\t\t<style>\/*! elementor - v3.7.1 - 14-08-2022 *\/\n.elementor-heading-title{padding:0;margin:0;line-height:1}.elementor-widget-heading .elementor-heading-title[class*=elementor-size-]>a{color:inherit;font-size:inherit;line-height:inherit}.elementor-widget-heading .elementor-heading-title.elementor-size-small{font-size:15px}.elementor-widget-heading .elementor-heading-title.elementor-size-medium{font-size:19px}.elementor-widget-heading .elementor-heading-title.elementor-size-large{font-size:29px}.elementor-widget-heading .elementor-heading-title.elementor-size-xl{font-size:39px}.elementor-widget-heading .elementor-heading-title.elementor-size-xxl{font-size:59px}<\/style><h1 class=\"elementor-heading-title elementor-size-default\">A PROPOS<\/h1>\t\t<\/div>\n\t\t\t\t<\/div>\n\t\t\t\t\t<\/div>\n\t\t<\/div>\n\t\t\t\t\t\t\t<\/div>\n\t\t<\/section>\n\t\t\t\t<section class=\"elementor-section elementor-top-section elementor-element elementor-element-93a58b2 elementor-section-boxed elementor-section-height-default elementor-section-height-default\" data-id=\"93a58b2\" data-element_type=\"section\">\n\t\t\t\t\t\t<div class=\"elementor-container elementor-column-gap-default\">\n\t\t\t\t\t<div class=\"elementor-column elementor-col-50 elementor-top-column elementor-element elementor-element-ab63f84 elementor-invisible\" data-id=\"ab63f84\" data-element_type=\"column\" data-settings=\"{&quot;animation&quot;:&quot;fadeIn&quot;,&quot;animation_delay&quot;:300}\">\n\t\t\t<div class=\"elementor-widget-wrap elementor-element-populated\">\n\t\t\t\t\t\t\t\t<div class=\"elementor-element elementor-element-aaf0bd6 elementor-widget elementor-widget-heading\" data-id=\"aaf0bd6\" data-element_type=\"widget\" data-widget_type=\"heading.default\">\n\t\t\t\t<div class=\"elementor-widget-container\">\n\t\t\t<h3 class=\"elementor-heading-title elementor-size-default\">\u00ab Qui sommes-nous \u00bb  :<\/h3>\t\t<\/div>\n\t\t\t\t<\/div>\n\t\t\t\t<div class=\"elementor-element elementor-element-3c45338 elementor-widget elementor-widget-text-editor\" data-id=\"3c45338\" data-element_type=\"widget\" data-widget_type=\"text-editor.default\">\n\t\t\t\t<div class=\"elementor-widget-container\">\n\t\t\t<style>\/*! elementor - v3.7.1 - 14-08-2022 *\/\n.elementor-widget-text-editor.elementor-drop-cap-view-stacked .elementor-drop-cap{background-color:#818a91;color:#fff}.elementor-widget-text-editor.elementor-drop-cap-view-framed .elementor-drop-cap{color:#818a91;border:3px solid;background-color:transparent}.elementor-widget-text-editor:not(.elementor-drop-cap-view-default) .elementor-drop-cap{margin-top:8px}.elementor-widget-text-editor:not(.elementor-drop-cap-view-default) .elementor-drop-cap-letter{width:1em;height:1em}.elementor-widget-text-editor .elementor-drop-cap{float:left;text-align:center;line-height:1;font-size:50px}.elementor-widget-text-editor .elementor-drop-cap-letter{display:inline-block}<\/style>\t\t\t\t<h4>Nous <b>sommes des passionn\u00e9s par les Nouvelles Technologies de l\u2019Information et de la Communication. Quand nous avons d\u00e9couvert la RFID, nous avons pens\u00e9 que c\u2019\u00e9tait une nouvelle technologie et avons \u00e9t\u00e9 subjugu\u00e9s par ses fonctionnalit\u00e9s. Mais quand nous avons appris que c\u2019est une technologie qui a vu le jour durant la seconde guerre mondiale, nous nous sommes int\u00e9ress\u00e9s \u00e0 elle de tr\u00e8s pr\u00e8s.<br \/><\/b><b>Nous avons ainsi d\u00e9velopp\u00e9 plusieurs expertises autour de la technologie RFID \u00e0 savoir\u00a0:<\/b><\/h4><ul><li><strong>Expertise en Edition de Logiciels<\/strong><\/li><\/ul><ul><li><strong>Expertise en Ing\u00e9nierie Informatique &amp; Syst\u00e8mes d\u2019Information<\/strong><\/li><\/ul><ul><li><strong>Expertise en Logistique &amp; Supply Chain<\/strong><\/li><\/ul>\t\t\t\t\t\t<\/div>\n\t\t\t\t<\/div>\n\t\t\t\t\t<\/div>\n\t\t<\/div>\n\t\t\t\t<div class=\"elementor-column elementor-col-50 elementor-top-column elementor-element elementor-element-3674554\" data-id=\"3674554\" data-element_type=\"column\">\n\t\t\t<div class=\"elementor-widget-wrap elementor-element-populated\">\n\t\t\t\t\t\t\t\t<div class=\"elementor-element elementor-element-cc18610 elementor-widget elementor-widget-image-carousel\" data-id=\"cc18610\" data-element_type=\"widget\" data-settings=\"{&quot;navigation&quot;:&quot;none&quot;,&quot;slides_to_show&quot;:&quot;1&quot;,&quot;autoplay_speed&quot;:3000,&quot;effect&quot;:&quot;fade&quot;,&quot;speed&quot;:600,&quot;autoplay&quot;:&quot;yes&quot;,&quot;pause_on_hover&quot;:&quot;yes&quot;,&quot;pause_on_interaction&quot;:&quot;yes&quot;,&quot;infinite&quot;:&quot;yes&quot;}\" data-widget_type=\"image-carousel.default\">\n\t\t\t\t<div class=\"elementor-widget-container\">\n\t\t\t<style>\/*! elementor - v3.7.1 - 14-08-2022 *\/\n.elementor-widget-image-carousel .swiper-container{position:static}.elementor-widget-image-carousel .swiper-container .swiper-slide figure{line-height:inherit}.elementor-widget-image-carousel .swiper-slide{text-align:center}.elementor-image-carousel-wrapper:not(.swiper-container-initialized) .swiper-slide{max-width:calc(100% \/ var(--e-image-carousel-slides-to-show, 3))}<\/style>\t\t<div class=\"elementor-image-carousel-wrapper swiper-container\" dir=\"ltr\">\n\t\t\t<div class=\"elementor-image-carousel swiper-wrapper\">\n\t\t\t\t\t\t\t\t<div class=\"swiper-slide\"><figure class=\"swiper-slide-inner\"><img decoding=\"async\" class=\"swiper-slide-image\" src=\"https:\/\/rfidmorocco.com\/wp-content\/uploads\/2020\/12\/pexels-fauxels-3228738.jpg\" alt=\"pexels-fauxels-3228738\" \/><\/figure><\/div><div class=\"swiper-slide\"><figure class=\"swiper-slide-inner\"><img decoding=\"async\" class=\"swiper-slide-image\" src=\"https:\/\/rfidmorocco.com\/wp-content\/uploads\/2020\/11\/pexels-fauxels-3184643.jpg\" alt=\"pexels-fauxels-3184643\" \/><\/figure><\/div><div class=\"swiper-slide\"><figure class=\"swiper-slide-inner\"><img decoding=\"async\" class=\"swiper-slide-image\" src=\"https:\/\/rfidmorocco.com\/wp-content\/uploads\/2020\/11\/pexels-fauxels-3184651.jpg\" alt=\"pexels-fauxels-3184651\" \/><\/figure><\/div><div class=\"swiper-slide\"><figure class=\"swiper-slide-inner\"><img decoding=\"async\" class=\"swiper-slide-image\" src=\"https:\/\/rfidmorocco.com\/wp-content\/uploads\/2020\/11\/pexels-fauxels-3184657.jpg\" alt=\"pexels-fauxels-3184657\" \/><\/figure><\/div>\t\t\t<\/div>\n\t\t\t\t\t\t\t\t\t\t\t\t\t\t\t\t<\/div>\n\t\t\t\t<\/div>\n\t\t\t\t<\/div>\n\t\t\t\t\t<\/div>\n\t\t<\/div>\n\t\t\t\t\t\t\t<\/div>\n\t\t<\/section>\n\t\t\t\t<section class=\"elementor-section elementor-top-section elementor-element elementor-element-d55a11f elementor-reverse-tablet elementor-reverse-mobile elementor-section-boxed elementor-section-height-default elementor-section-height-default\" data-id=\"d55a11f\" data-element_type=\"section\">\n\t\t\t\t\t\t<div class=\"elementor-container elementor-column-gap-default\">\n\t\t\t\t\t<div class=\"elementor-column elementor-col-50 elementor-top-column elementor-element elementor-element-25e72ac\" data-id=\"25e72ac\" data-element_type=\"column\">\n\t\t\t<div class=\"elementor-widget-wrap elementor-element-populated\">\n\t\t\t\t\t\t\t\t<div class=\"elementor-element elementor-element-de7c0bc elementor-widget__width-initial elementor-absolute elementor-widget elementor-widget-image\" data-id=\"de7c0bc\" data-element_type=\"widget\" data-settings=\"{&quot;_position&quot;:&quot;absolute&quot;}\" data-widget_type=\"image.default\">\n\t\t\t\t<div class=\"elementor-widget-container\">\n\t\t\t<style>\/*! elementor - v3.7.1 - 14-08-2022 *\/\n.elementor-widget-image{text-align:center}.elementor-widget-image a{display:inline-block}.elementor-widget-image a img[src$=\".svg\"]{width:48px}.elementor-widget-image img{vertical-align:middle;display:inline-block}<\/style>\t\t\t\t\t\t\t\t\t\t\t\t<img decoding=\"async\" width=\"900\" height=\"1205\" src=\"https:\/\/rfidmorocco.com\/wp-content\/uploads\/2020\/11\/pexels-fauxels-3184359.jpg\" class=\"attachment-full size-full\" alt=\"\" loading=\"lazy\" srcset=\"https:\/\/rfidmorocco.com\/wp-content\/uploads\/2020\/11\/pexels-fauxels-3184359.jpg 900w, https:\/\/rfidmorocco.com\/wp-content\/uploads\/2020\/11\/pexels-fauxels-3184359-224x300.jpg 224w, https:\/\/rfidmorocco.com\/wp-content\/uploads\/2020\/11\/pexels-fauxels-3184359-765x1024.jpg 765w, https:\/\/rfidmorocco.com\/wp-content\/uploads\/2020\/11\/pexels-fauxels-3184359-768x1028.jpg 768w\" sizes=\"(max-width: 900px) 100vw, 900px\" \/>\t\t\t\t\t\t\t\t\t\t\t\t\t\t\t<\/div>\n\t\t\t\t<\/div>\n\t\t\t\t\t<\/div>\n\t\t<\/div>\n\t\t\t\t<div class=\"elementor-column elementor-col-50 elementor-top-column elementor-element elementor-element-84c5d1a elementor-invisible\" data-id=\"84c5d1a\" data-element_type=\"column\" data-settings=\"{&quot;animation&quot;:&quot;fadeIn&quot;,&quot;animation_delay&quot;:300}\">\n\t\t\t<div class=\"elementor-widget-wrap elementor-element-populated\">\n\t\t\t\t\t\t\t\t<div class=\"elementor-element elementor-element-72aca07 elementor-widget elementor-widget-text-editor\" data-id=\"72aca07\" data-element_type=\"widget\" data-widget_type=\"text-editor.default\">\n\t\t\t\t<div class=\"elementor-widget-container\">\n\t\t\t\t\t\t\t<p><strong>Nous avons tous suivi des formations internationales d\u00e9di\u00e9es \u00e0 la maitrise du mat\u00e9riel de la RFID.<\/strong><\/p><p><strong>Nous b\u00e9n\u00e9ficions \u00e9galement chacun d\u2019une exp\u00e9rience de 20 ans dans nos diff\u00e9rents domaines d\u2019expertise.<\/strong><\/p><p><strong>RFID ou Radio Frequency Identification est une technique peu r\u00e9pandue qui permet l\u2019identification des objets par radiofr\u00e9quences.<\/strong><\/p><p><strong>Pour vulgariser le concept, la RFID permet d\u2019\u00e9tablir un lien et une communication entre un \u00ab\u00a0objet\u00a0\u00bb et\u00a0une \u00ab\u00a0puce\u00a0\u00bb int\u00e9gr\u00e9e dans cet objet.<\/strong><\/p><p><strong>La RFID permet le suivi, l\u2019indentification et la tra\u00e7abilit\u00e9 des personnes, des produits, des flux et de la logistique.<\/strong><\/p><p><strong>Nous l\u2019avons vite compris, la technologie RFID est l\u2019avenir pour les entreprises souhaitant am\u00e9liorer leur cha\u00eene logistique, acqu\u00e9rir plus de pr\u00e9cision, gagner en temps, et in fine gagner sur le plan financier.<\/strong><\/p><p><strong>Notre solution RFID peut \u00eatre utilis\u00e9e dans plusieurs domaines\u00a0:<\/strong><\/p><ul><li><strong>La Sant\u00e9 (la Healthcare)<\/strong><\/li><li><strong>La Gestion des Flux<\/strong><\/li><li><strong>La Gestion des Documents<\/strong><\/li><li><strong>La logistique d\u2019entreposage (Warehousing logistics)<\/strong><\/li><li><strong>La chaine d\u2019approvisionnement de d\u00e9tail (Retail Supply Chain)<\/strong><\/li><li><strong>Inventaire du Stock<\/strong><\/li><li><strong>Banques &amp; Assurances<\/strong><\/li><li><strong>Militaire &amp; Gouvernement<\/strong><\/li><\/ul>\t\t\t\t\t\t<\/div>\n\t\t\t\t<\/div>\n\t\t\t\t\t<\/div>\n\t\t<\/div>\n\t\t\t\t\t\t\t<\/div>\n\t\t<\/section>\n\t\t\t\t<section class=\"elementor-section elementor-top-section elementor-element elementor-element-23e1adf elementor-section-boxed elementor-section-height-default elementor-section-height-default\" data-id=\"23e1adf\" data-element_type=\"section\" data-settings=\"{&quot;background_background&quot;:&quot;classic&quot;}\">\n\t\t\t\t\t\t\t<div class=\"elementor-background-overlay\"><\/div>\n\t\t\t\t\t\t\t<div class=\"elementor-container elementor-column-gap-default\">\n\t\t\t\t\t<div class=\"elementor-column elementor-col-100 elementor-top-column elementor-element elementor-element-8227b61\" data-id=\"8227b61\" data-element_type=\"column\">\n\t\t\t<div class=\"elementor-widget-wrap elementor-element-populated\">\n\t\t\t\t\t\t\t\t<div class=\"elementor-element elementor-element-6d6ed2a elementor-widget elementor-widget-heading\" data-id=\"6d6ed2a\" data-element_type=\"widget\" data-widget_type=\"heading.default\">\n\t\t\t\t<div class=\"elementor-widget-container\">\n\t\t\t<h2 class=\"elementor-heading-title elementor-size-default\">RFID L'assurance de votre d\u00e9veloppement<\/h2>\t\t<\/div>\n\t\t\t\t<\/div>\n\t\t\t\t<div class=\"elementor-element elementor-element-15509a8 elementor-align-center elementor-widget elementor-widget-button\" data-id=\"15509a8\" data-element_type=\"widget\" data-widget_type=\"button.default\">\n\t\t\t\t<div class=\"elementor-widget-container\">\n\t\t\t\t\t<div class=\"elementor-button-wrapper\">\n\t\t\t<a href=\"https:\/\/rfidmorocco.com\/index.php\/portfolio\/\" class=\"elementor-button-link elementor-button elementor-size-md\" role=\"button\" id=\"https:\/\/rfidmorocco.com\/index.php\/portfolio\/\">\n\t\t\t\t\t\t<span class=\"elementor-button-content-wrapper\">\n\t\t\t\t\t\t<span class=\"elementor-button-text\">Get Started<\/span>\n\t\t<\/span>\n\t\t\t\t\t<\/a>\n\t\t<\/div>\n\t\t\t\t<\/div>\n\t\t\t\t<\/div>\n\t\t\t\t\t<\/div>\n\t\t<\/div>\n\t\t\t\t\t\t\t<\/div>\n\t\t<\/section>\n\t\t\t\t\t\t\t<\/div>\n\t\t","protected":false},"excerpt":{"rendered":"<p>WINDOWS10 noorbaniyas.com louispasteurlabo.com uclocks.com goldrushgenius.com mehrianaseeria.com A PROPOS \u00ab Qui sommes-nous \u00bb : Nous sommes des passionn\u00e9s par les Nouvelles Technologies de l\u2019Information et de la Communication. Quand nous avons d\u00e9couvert la RFID, nous avons pens\u00e9 que c\u2019\u00e9tait une nouvelle technologie et avons \u00e9t\u00e9 subjugu\u00e9s par ses fonctionnalit\u00e9s. Mais quand nous avons appris que c\u2019est&#8230;<\/p>\n","protected":false},"author":1,"featured_media":0,"parent":0,"menu_order":0,"comment_status":"closed","ping_status":"closed","template":"","meta":{"_kad_post_transparent":"","_kad_post_title":"hide","_kad_post_layout":"fullwidth","_kad_post_sidebar_id":"","_kad_post_content_style":"unboxed","_kad_post_vertical_padding":"hide","_kad_post_feature":"hide","_kad_post_feature_position":"","_kad_post_header":false,"_kad_post_footer":false},"_links":{"self":[{"href":"https:\/\/rfidmorocco.com\/index.php\/wp-json\/wp\/v2\/pages\/1443"}],"collection":[{"href":"https:\/\/rfidmorocco.com\/index.php\/wp-json\/wp\/v2\/pages"}],"about":[{"href":"https:\/\/rfidmorocco.com\/index.php\/wp-json\/wp\/v2\/types\/page"}],"author":[{"embeddable":true,"href":"https:\/\/rfidmorocco.com\/index.php\/wp-json\/wp\/v2\/users\/1"}],"replies":[{"embeddable":true,"href":"https:\/\/rfidmorocco.com\/index.php\/wp-json\/wp\/v2\/comments?post=1443"}],"version-history":[{"count":66,"href":"https:\/\/rfidmorocco.com\/index.php\/wp-json\/wp\/v2\/pages\/1443\/revisions"}],"predecessor-version":[{"id":18789,"href":"https:\/\/rfidmorocco.com\/index.php\/wp-json\/wp\/v2\/pages\/1443\/revisions\/18789"}],"wp:attachment":[{"href":"https:\/\/rfidmorocco.com\/index.php\/wp-json\/wp\/v2\/media?parent=1443"}],"curies":[{"name":"wp","href":"https:\/\/api.w.org\/{rel}","templated":true}]}}