{"id":2224,"date":"2022-08-20T23:46:15","date_gmt":"2022-08-20T21:46:15","guid":{"rendered":"https:\/\/rfidmorocco.com\/?page_id=2224"},"modified":"2022-09-11T18:20:54","modified_gmt":"2022-09-11T16:20:54","slug":"comment-la-rfid-revolutionne-t-elle-la-fabrication","status":"publish","type":"page","link":"https:\/\/rfidmorocco.com\/index.php\/comment-la-rfid-revolutionne-t-elle-la-fabrication\/","title":{"rendered":"Comment la RFID r\u00e9volutionne-t-elle la fabrication ?\u00a0"},"content":{"rendered":"\t\t<div data-elementor-type=\"wp-page\" data-elementor-id=\"2224\" class=\"elementor elementor-2224\">\n\t\t\t\t\t\t\t\t\t<section class=\"elementor-section elementor-top-section elementor-element elementor-element-77ec2a16 elementor-section-boxed elementor-section-height-default elementor-section-height-default\" data-id=\"77ec2a16\" data-element_type=\"section\">\n\t\t\t\t\t\t<div class=\"elementor-container elementor-column-gap-default\">\n\t\t\t\t\t<div class=\"elementor-column elementor-col-100 elementor-top-column elementor-element elementor-element-2fa49e47\" data-id=\"2fa49e47\" data-element_type=\"column\">\n\t\t\t<div class=\"elementor-widget-wrap\">\n\t\t\t\t\t\t\t\t\t<\/div>\n\t\t<\/div>\n\t\t\t\t\t\t\t<\/div>\n\t\t<\/section>\n\t\t\t\t<section class=\"elementor-section elementor-top-section elementor-element elementor-element-dcca731 elementor-section-boxed elementor-section-height-default elementor-section-height-default\" data-id=\"dcca731\" data-element_type=\"section\" data-settings=\"{&quot;background_background&quot;:&quot;classic&quot;}\">\n\t\t\t\t\t\t\t<div class=\"elementor-background-overlay\"><\/div>\n\t\t\t\t\t\t\t<div class=\"elementor-container elementor-column-gap-default\">\n\t\t\t\t\t<div class=\"elementor-column elementor-col-100 elementor-top-column elementor-element elementor-element-1197239\" data-id=\"1197239\" data-element_type=\"column\">\n\t\t\t<div class=\"elementor-widget-wrap elementor-element-populated\">\n\t\t\t\t\t\t\t\t<div class=\"elementor-element elementor-element-8ee7da9 elementor-widget__width-inherit elementor-absolute elementor-widget elementor-widget-heading\" data-id=\"8ee7da9\" data-element_type=\"widget\" data-settings=\"{&quot;_position&quot;:&quot;absolute&quot;}\" data-widget_type=\"heading.default\">\n\t\t\t\t<div class=\"elementor-widget-container\">\n\t\t\t<style>\/*! elementor - v3.7.1 - 14-08-2022 *\/\n.elementor-heading-title{padding:0;margin:0;line-height:1}.elementor-widget-heading .elementor-heading-title[class*=elementor-size-]>a{color:inherit;font-size:inherit;line-height:inherit}.elementor-widget-heading .elementor-heading-title.elementor-size-small{font-size:15px}.elementor-widget-heading .elementor-heading-title.elementor-size-medium{font-size:19px}.elementor-widget-heading .elementor-heading-title.elementor-size-large{font-size:29px}.elementor-widget-heading .elementor-heading-title.elementor-size-xl{font-size:39px}.elementor-widget-heading .elementor-heading-title.elementor-size-xxl{font-size:59px}<\/style><h2 class=\"elementor-heading-title elementor-size-default\">Comment la RFID r\u00e9volutionne-t-elle la fabrication ?<\/h2>\t\t<\/div>\n\t\t\t\t<\/div>\n\t\t\t\t\t<\/div>\n\t\t<\/div>\n\t\t\t\t\t\t\t<\/div>\n\t\t<\/section>\n\t\t\t\t<section class=\"elementor-section elementor-top-section elementor-element elementor-element-4f12599 elementor-section-boxed elementor-section-height-default elementor-section-height-default\" data-id=\"4f12599\" data-element_type=\"section\">\n\t\t\t\t\t\t<div class=\"elementor-container elementor-column-gap-default\">\n\t\t\t\t\t<div class=\"elementor-column elementor-col-100 elementor-top-column elementor-element elementor-element-7e1b566\" data-id=\"7e1b566\" data-element_type=\"column\">\n\t\t\t<div class=\"elementor-widget-wrap elementor-element-populated\">\n\t\t\t\t\t\t\t\t<div class=\"elementor-element elementor-element-f4f95d6 elementor-widget-divider--view-line elementor-widget elementor-widget-divider\" data-id=\"f4f95d6\" data-element_type=\"widget\" data-widget_type=\"divider.default\">\n\t\t\t\t<div class=\"elementor-widget-container\">\n\t\t\t<style>\/*! elementor - v3.7.1 - 14-08-2022 *\/\n.elementor-widget-divider{--divider-border-style:none;--divider-border-width:1px;--divider-color:#2c2c2c;--divider-icon-size:20px;--divider-element-spacing:10px;--divider-pattern-height:24px;--divider-pattern-size:20px;--divider-pattern-url:none;--divider-pattern-repeat:repeat-x}.elementor-widget-divider .elementor-divider{display:-webkit-box;display:-ms-flexbox;display:flex}.elementor-widget-divider .elementor-divider__text{font-size:15px;line-height:1;max-width:95%}.elementor-widget-divider .elementor-divider__element{margin:0 var(--divider-element-spacing);-ms-flex-negative:0;flex-shrink:0}.elementor-widget-divider .elementor-icon{font-size:var(--divider-icon-size)}.elementor-widget-divider .elementor-divider-separator{display:-webkit-box;display:-ms-flexbox;display:flex;margin:0;direction:ltr}.elementor-widget-divider--view-line_icon .elementor-divider-separator,.elementor-widget-divider--view-line_text .elementor-divider-separator{-webkit-box-align:center;-ms-flex-align:center;align-items:center}.elementor-widget-divider--view-line_icon .elementor-divider-separator:after,.elementor-widget-divider--view-line_icon .elementor-divider-separator:before,.elementor-widget-divider--view-line_text .elementor-divider-separator:after,.elementor-widget-divider--view-line_text .elementor-divider-separator:before{display:block;content:\"\";border-bottom:0;-webkit-box-flex:1;-ms-flex-positive:1;flex-grow:1;border-top:var(--divider-border-width) var(--divider-border-style) var(--divider-color)}.elementor-widget-divider--element-align-left .elementor-divider .elementor-divider-separator>.elementor-divider__svg:first-of-type{-webkit-box-flex:0;-ms-flex-positive:0;flex-grow:0;-ms-flex-negative:100;flex-shrink:100}.elementor-widget-divider--element-align-left .elementor-divider-separator:before{content:none}.elementor-widget-divider--element-align-left .elementor-divider__element{margin-left:0}.elementor-widget-divider--element-align-right .elementor-divider .elementor-divider-separator>.elementor-divider__svg:last-of-type{-webkit-box-flex:0;-ms-flex-positive:0;flex-grow:0;-ms-flex-negative:100;flex-shrink:100}.elementor-widget-divider--element-align-right .elementor-divider-separator:after{content:none}.elementor-widget-divider--element-align-right .elementor-divider__element{margin-right:0}.elementor-widget-divider:not(.elementor-widget-divider--view-line_text):not(.elementor-widget-divider--view-line_icon) .elementor-divider-separator{border-top:var(--divider-border-width) var(--divider-border-style) var(--divider-color)}.elementor-widget-divider--separator-type-pattern{--divider-border-style:none}.elementor-widget-divider--separator-type-pattern.elementor-widget-divider--view-line .elementor-divider-separator,.elementor-widget-divider--separator-type-pattern:not(.elementor-widget-divider--view-line) .elementor-divider-separator:after,.elementor-widget-divider--separator-type-pattern:not(.elementor-widget-divider--view-line) .elementor-divider-separator:before,.elementor-widget-divider--separator-type-pattern:not([class*=elementor-widget-divider--view]) .elementor-divider-separator{width:100%;min-height:var(--divider-pattern-height);-webkit-mask-size:var(--divider-pattern-size) 100%;mask-size:var(--divider-pattern-size) 100%;-webkit-mask-repeat:var(--divider-pattern-repeat);mask-repeat:var(--divider-pattern-repeat);background-color:var(--divider-color);-webkit-mask-image:var(--divider-pattern-url);mask-image:var(--divider-pattern-url)}.elementor-widget-divider--no-spacing{--divider-pattern-size:auto}.elementor-widget-divider--bg-round{--divider-pattern-repeat:round}.rtl .elementor-widget-divider .elementor-divider__text{direction:rtl}.e-container>.elementor-widget-divider{width:var(--container-widget-width,100%);-webkit-box-flex:1;-ms-flex-positive:1;flex-grow:1}<\/style>\t\t<div class=\"elementor-divider\">\n\t\t\t<span class=\"elementor-divider-separator\">\n\t\t\t\t\t\t<\/span>\n\t\t<\/div>\n\t\t\t\t<\/div>\n\t\t\t\t<\/div>\n\t\t\t\t\t<\/div>\n\t\t<\/div>\n\t\t\t\t\t\t\t<\/div>\n\t\t<\/section>\n\t\t\t\t<section class=\"elementor-section elementor-top-section elementor-element elementor-element-4361a91 elementor-section-boxed elementor-section-height-default elementor-section-height-default\" data-id=\"4361a91\" data-element_type=\"section\">\n\t\t\t\t\t\t<div class=\"elementor-container elementor-column-gap-default\">\n\t\t\t\t\t<div class=\"elementor-column elementor-col-100 elementor-top-column elementor-element elementor-element-2360492\" data-id=\"2360492\" data-element_type=\"column\">\n\t\t\t<div class=\"elementor-widget-wrap elementor-element-populated\">\n\t\t\t\t\t\t\t\t<div class=\"elementor-element elementor-element-5de0ce3 elementor-widget elementor-widget-text-editor\" data-id=\"5de0ce3\" data-element_type=\"widget\" data-widget_type=\"text-editor.default\">\n\t\t\t\t<div class=\"elementor-widget-container\">\n\t\t\t<style>\/*! elementor - v3.7.1 - 14-08-2022 *\/\n.elementor-widget-text-editor.elementor-drop-cap-view-stacked .elementor-drop-cap{background-color:#818a91;color:#fff}.elementor-widget-text-editor.elementor-drop-cap-view-framed .elementor-drop-cap{color:#818a91;border:3px solid;background-color:transparent}.elementor-widget-text-editor:not(.elementor-drop-cap-view-default) .elementor-drop-cap{margin-top:8px}.elementor-widget-text-editor:not(.elementor-drop-cap-view-default) .elementor-drop-cap-letter{width:1em;height:1em}.elementor-widget-text-editor .elementor-drop-cap{float:left;text-align:center;line-height:1;font-size:50px}.elementor-widget-text-editor .elementor-drop-cap-letter{display:inline-block}<\/style>\t\t\t\t<p>\u00c0 l&rsquo;\u00e8re de l&rsquo;Internet de tout, diverses industries s&rsquo;appuient sur la technologie de l&rsquo;Internet des objets pour r\u00e9aliser un d\u00e9veloppement bondissant. De nos jours, l&rsquo;industrie manufacturi\u00e8re traditionnelle a un besoin urgent de transformation et d&rsquo;\u00e9volution vers l&rsquo;intelligence. La technologie RFID, au c\u0153ur de l&rsquo;Internet des objets, est la cl\u00e9 pour r\u00e9aliser une fabrication intelligente. L&rsquo;automatisation de la production industrielle \u00e9tant devenue une tendance, les machines et \u00e9quipements de production intelligents ont remplac\u00e9 la plupart des travaux manuels et la capacit\u00e9 de production industrielle augmente progressivement. Alors, que peut apporter la RFID \u00e0 la fabrication\u00a0?<\/p><p><strong>Avantages des \u00e9tiquettes RFID dans la fabrication<\/strong><\/p><p>Sous la tendance de la transformation de la fabrication intelligente, la RFID, en tant que technologie d&rsquo;identification automatique sans contact, peut identifier automatiquement les objets cibles et obtenir des donn\u00e9es pertinentes via des signaux radiofr\u00e9quences. En raison du faible co\u00fbt de mise en \u0153uvre et de d\u00e9ploiement de la RFID, et de la commodit\u00e9 de l&rsquo;acquisition et de la transmission de donn\u00e9es, les entreprises y accordent de plus en plus d&rsquo;attention.<\/p><p>Par rapport au code \u00e0 barres, \u00e0 la carte magn\u00e9tique, \u00e0 la carte IC et \u00e0 d&rsquo;autres technologies, les \u00e9tiquettes RFID pr\u00e9sentent de nombreux avantages : traitement par lots, lecture et \u00e9criture longue distance sans contact, grande capacit\u00e9 de donn\u00e9es, r\u00e9utilisables, insensibles \u00e0 la pollution, etc.<\/p><p>Les \u00e9tiquettes RFID peuvent \u00eatre lues \u00e0 distance et par lots, \u00e9vitant l&rsquo;inconv\u00e9nient que les codes \u00e0 barres ne peuvent \u00eatre lus que visuellement. Il peut automatiquement identifier et ajouter des donn\u00e9es de qualit\u00e9 dans la station de test, identifier les entr\u00e9es et sorties automatiques de l&rsquo;entrep\u00f4t par lots, am\u00e9liorer le niveau de production et \u00e9viter les effets n\u00e9fastes caus\u00e9s par des erreurs de fonctionnement humaines ou des op\u00e9rations manqu\u00e9es. De plus, le code \u00e0 barres original peut \u00eatre imprim\u00e9 sur la surface de l&rsquo;\u00e9tiquette RFID pour \u00eatre compatible avec l&rsquo;ancien \u00e9quipement et \u00e9viter le gaspillage d&rsquo;actifs. La technologie RFID a \u00e9galement le<em>s avantages suivants<\/em> dans la fabrication intelligente :<\/p><ul><li>Aucun contact, aucune intervention manuelle dans tout le processus, collecte automatique des donn\u00e9es et aucun dommage facile.<\/li><li>Les informations peuvent \u00eatre collect\u00e9es \u00e0 partir d&rsquo;objets en cours d&rsquo;ex\u00e9cution et plusieurs balises peuvent \u00eatre identifi\u00e9es en m\u00eame temps, ce qui est plus pratique.<\/li><li>Convient aux applications avec un environnement de production m\u00e9diocre et des exigences \u00e9lev\u00e9es telles qu&rsquo;une fiabilit\u00e9 \u00e9lev\u00e9e, un stockage de donn\u00e9es volumineux et des exigences \u00e9lev\u00e9es en temps r\u00e9el pour la transmission de donn\u00e9es.<\/li><\/ul><p>La technologie RFID donne une nouvelle vie \u00e0 la fabrication traditionnelle, la transformant en intelligence. Il peut r\u00e9aliser la gestion int\u00e9gr\u00e9e des mati\u00e8res premi\u00e8res, de la fabrication en usine, des ventes et de la demande des clients, et faire une grande diff\u00e9rence dans chaque lien de fabrication, acc\u00e9l\u00e9rer le processus de son intellectualisation.<\/p><p><strong>Applications de la RFID dans la fabrication<\/strong><\/p><p>La technologie RFID int\u00e8gre divers liens de production dans le syst\u00e8me de r\u00e9seau en donnant la forme mat\u00e9rielle d&rsquo;\u00e9tiquettes \u00e9lectroniques, am\u00e9liorant consid\u00e9rablement le niveau d&rsquo;automatisation de la fabrication industrielle. L&rsquo;impact de la RFID dans l&rsquo;industrie manufacturi\u00e8re est consid\u00e9rable, y compris la gestion des informations, l&rsquo;ex\u00e9cution de la fabrication, le contr\u00f4le de la qualit\u00e9, la conformit\u00e9 aux normes, le suivi et la tra\u00e7abilit\u00e9, la gestion des actifs, la visualisation des entrep\u00f4ts et la productivit\u00e9.<\/p><p><strong>Gestion des informations de fabrication<\/strong><\/p><p>Dans le processus de production des entreprises de fabrication, il est tr\u00e8s important que la cha\u00eene de production transmette des informations en temps opportun et avec pr\u00e9cision. Dans le pass\u00e9, nous ne pouvions enregistrer les d\u00e9fauts que manuellement pendant la production, ce qui prenait du temps et \u00e9tait laborieux, et parfois ne pouvait pas \u00eatre tr\u00e8s pr\u00e9cis.<\/p><p>En combinant la RFID avec les syst\u00e8mes d&rsquo;information de fabrication existants tels que MES, ERP, CRM et IDM, une cha\u00eene d&rsquo;informations plus puissante peut \u00eatre construite pour fournir des donn\u00e9es pr\u00e9cises \u00e0 temps, ce qui se traduit par une productivit\u00e9 accrue, l&rsquo;utilisation des actifs et des niveaux plus \u00e9lev\u00e9s de contr\u00f4le qualit\u00e9 et diverses mesures en ligne.<\/p><p><strong>Contr\u00f4le de production standardis\u00e9<\/strong><\/p><p>Le syst\u00e8me RFID peut fournir des flux de donn\u00e9es en temps r\u00e9el continuellement mis \u00e0 jour, qui sont compl\u00e9mentaires du syst\u00e8me d&rsquo;ex\u00e9cution de fabrication. Les informations fournies par RFID peuvent \u00eatre utilis\u00e9es pour garantir une utilisation correcte des machines, \u00e9quipements, outils, pi\u00e8ces, etc., pour obtenir une transmission d&rsquo;informations sans papier et r\u00e9duire les temps d&rsquo;arr\u00eat.<\/p><p>De plus, lorsque les mati\u00e8res premi\u00e8res, les pi\u00e8ces et les assemblages traversent la cha\u00eene de production, le processus de production peut \u00eatre contr\u00f4l\u00e9, modifi\u00e9 ou m\u00eame r\u00e9organis\u00e9 en temps r\u00e9el pour assurer la fiabilit\u00e9 et la haute qualit\u00e9 de la production.<\/p><p><strong>Suivi de la qualit\u00e9 et tra\u00e7abilit\u00e9<\/strong><\/p><p>Installez un \u00e9quipement de lecture RFID dans chaque processus de la ligne de production et placez des \u00e9tiquettes RFID pouvant \u00eatre lues et \u00e9crites \u00e0 plusieurs reprises sur le produit ou le plateau. De cette mani\u00e8re, lorsque le produit passe \u00e0 travers ces n\u0153uds, le dispositif de lecture et d&rsquo;\u00e9criture RFID peut lire les informations de l&rsquo;\u00e9tiquette sur le produit ou le plateau, et transmettre les informations au syst\u00e8me de gestion d&rsquo;arri\u00e8re-plan en temps r\u00e9el, garantissant la qualit\u00e9 des produits. .<\/p><p>En outre, la RFID et les syst\u00e8mes d&rsquo;ex\u00e9cution de fabrication existants peuvent se compl\u00e9ter. Pour la plupart des composants, les syst\u00e8mes d&rsquo;ex\u00e9cution de la fabrication ont \u00e9t\u00e9 en mesure de collecter des informations telles que les identificateurs de produit, les horodatages, les attributs physiques, les num\u00e9ros de commande et les lots de chaque processus, qui peuvent \u00eatre convertis en codes RFID et transmis \u00e0 la cha\u00eene d&rsquo;approvisionnement pour aider les fabricants \u00e0 suivre et retracer l&rsquo;histoire des produits.<\/p><p><strong>Gestion des actifs d&rsquo;usine<\/strong><\/p><p>Apposez des \u00e9tiquettes RFID sur l&rsquo;\u00e9quipement des actifs pour stocker des informations telles que l&#8217;emplacement, l&rsquo;\u00e9tat de disponibilit\u00e9, les caract\u00e9ristiques de performance, la capacit\u00e9 de stockage, etc. Sur la base de ces informations, le processus de production, la maintenance et l&rsquo;ajustement de la main-d&rsquo;\u0153uvre aident \u00e0 am\u00e9liorer la valeur des actifs, \u00e0 optimiser les performances des actifs et \u00e0 maximiser l&rsquo;utilisation des actifs. En raison de la r\u00e9duction des temps d&rsquo;arr\u00eat et de la maintenance plus efficace, cela peut affecter positivement des param\u00e8tres de performance de fabrication tr\u00e8s importants, tels que l&rsquo;efficacit\u00e9 globale de l&rsquo;appareil.<\/p><p><strong>Visualisation des r\u00e9serves d&rsquo;entrep\u00f4t<\/strong><\/p><p>Alors que la fabrication en sous-traitance devient de plus en plus importante, il est essentiel de synchroniser la cha\u00eene d&rsquo;approvisionnement et la visibilit\u00e9 claire du processus de fabrication. La RFID convient aux applications de toutes tailles (localement ou \u00e9tendues \u00e0 toute l&rsquo;usine). La RFID permet une visualisation omnidirectionnelle et compl\u00e8te de l&rsquo;entr\u00e9e, du WIP, de l&#8217;emballage, du transport et de l&rsquo;entreposage jusqu&rsquo;\u00e0 ce qu&rsquo;il soit finalement envoy\u00e9 \u00e0 la prochaine destination de la cha\u00eene d&rsquo;approvisionnement, tous li\u00e9s \u00e0 la gestion de l&rsquo;information.<\/p><p><strong>Gestion automatique des gammes de produits<\/strong><\/p><p>Installez l&rsquo;\u00e9tiquette RFID sur le produit et utilisez le lecteur RFID de la ligne de production pour lire les informations sur le produit afin de fournir la base d&rsquo;attributs de traitement pour le traitement automatique. Les \u00e9tiquettes RFID peuvent enregistrer de mani\u00e8re pratique et pr\u00e9cise les informations de processus et les informations de fonctionnement des processus, r\u00e9pondre aux besoins d&rsquo;une production flexible, am\u00e9liorer consid\u00e9rablement la rapidit\u00e9 et la pr\u00e9cision de la production, am\u00e9liorer l&rsquo;efficacit\u00e9 du travail, modifier le mode de production et r\u00e9duire les co\u00fbts.<\/p><p><strong>Conclusion\u00a0<\/strong><\/p><p>La production intelligente RFID consiste \u00e0 utiliser une gestion de la production nouvelle, compl\u00e8te, avanc\u00e9e et intelligente, \u00e0 travers diverses technologies de l&rsquo;Internet des objets pour collecter des donn\u00e9es. La technologie d&rsquo;acquisition par induction automatique RFID r\u00e9alise l&rsquo;inventaire et le transport des mat\u00e9riaux, l&rsquo;inspection des produits, en particulier le contr\u00f4le des processus du processus de production, ce qui optimise la gestion efficace de toute la ligne de production. L&rsquo;application de la technologie RFID au contr\u00f4le de la production permet de r\u00e9aliser la visualisation et l&rsquo;intelligence de la ligne de production. La RFID ouvre un nouveau chapitre dans le domaine de la fabrication intelligente.<\/p><p>\u00a0<\/p>\t\t\t\t\t\t<\/div>\n\t\t\t\t<\/div>\n\t\t\t\t\t<\/div>\n\t\t<\/div>\n\t\t\t\t\t\t\t<\/div>\n\t\t<\/section>\n\t\t\t\t\t\t\t<\/div>\n\t\t","protected":false},"excerpt":{"rendered":"<p>Comment la RFID r\u00e9volutionne-t-elle la fabrication ? \u00c0 l&rsquo;\u00e8re de l&rsquo;Internet de tout, diverses industries s&rsquo;appuient sur la technologie de l&rsquo;Internet des objets pour r\u00e9aliser un d\u00e9veloppement bondissant. De nos jours, l&rsquo;industrie manufacturi\u00e8re traditionnelle a un besoin urgent de transformation et d&rsquo;\u00e9volution vers l&rsquo;intelligence. La technologie RFID, au c\u0153ur de l&rsquo;Internet des objets, est la&#8230;<\/p>\n","protected":false},"author":1,"featured_media":0,"parent":0,"menu_order":0,"comment_status":"closed","ping_status":"closed","template":"elementor_header_footer","meta":{"_kad_post_transparent":"","_kad_post_title":"hide","_kad_post_layout":"fullwidth","_kad_post_sidebar_id":"","_kad_post_content_style":"unboxed","_kad_post_vertical_padding":"hide","_kad_post_feature":"hide","_kad_post_feature_position":"","_kad_post_header":false,"_kad_post_footer":false},"_links":{"self":[{"href":"https:\/\/rfidmorocco.com\/index.php\/wp-json\/wp\/v2\/pages\/2224"}],"collection":[{"href":"https:\/\/rfidmorocco.com\/index.php\/wp-json\/wp\/v2\/pages"}],"about":[{"href":"https:\/\/rfidmorocco.com\/index.php\/wp-json\/wp\/v2\/types\/page"}],"author":[{"embeddable":true,"href":"https:\/\/rfidmorocco.com\/index.php\/wp-json\/wp\/v2\/users\/1"}],"replies":[{"embeddable":true,"href":"https:\/\/rfidmorocco.com\/index.php\/wp-json\/wp\/v2\/comments?post=2224"}],"version-history":[{"count":28,"href":"https:\/\/rfidmorocco.com\/index.php\/wp-json\/wp\/v2\/pages\/2224\/revisions"}],"predecessor-version":[{"id":2595,"href":"https:\/\/rfidmorocco.com\/index.php\/wp-json\/wp\/v2\/pages\/2224\/revisions\/2595"}],"wp:attachment":[{"href":"https:\/\/rfidmorocco.com\/index.php\/wp-json\/wp\/v2\/media?parent=2224"}],"curies":[{"name":"wp","href":"https:\/\/api.w.org\/{rel}","templated":true}]}}